{"id":42,"date":"2025-02-04T13:25:55","date_gmt":"2025-02-04T13:25:55","guid":{"rendered":"https:\/\/lookhomewardmusic.com\/over-ons\/"},"modified":"2025-02-05T07:33:18","modified_gmt":"2025-02-05T07:33:18","slug":"over-ons","status":"publish","type":"page","link":"https:\/\/lookhomewardmusic.com\/ro\/over-ons\/","title":{"rendered":"Despre noi"},"content":{"rendered":"<p>Bine a\u021bi venit pe blogul nostru, destina\u021bia voastr\u0103 suprem\u0103 pentru tot ce \u021bine de mod\u0103, stil \u0219i \u00eembr\u0103c\u0103minte. Aici \u00eemp\u0103rt\u0103\u0219im pasiunea noastr\u0103 pentru cele mai recente tendin\u021be, clasice atemporale \u0219i sfaturi practice de stilizare. Misiunea noastr\u0103 este s\u0103 v\u0103 inspir\u0103m \u0219i s\u0103 v\u0103 ghid\u0103m \u00een crearea propriului look unic, indiferent de bugetul sau preferin\u021bele voastre.<\/p>\n<p><img loading=\"lazy\" decoding=\"async\" class=\"aligncenter wp-image-41 size-full\" src=\"https:\/\/lookhomewardmusic.com\/wp-content\/uploads\/molodaya-devushka-vybirayushhih-odezhdu-na-rynke-poderzhannyh-letom-nulevoj-konczepczii-othodov.jpg\" alt=\"\" width=\"612\" height=\"408\" srcset=\"https:\/\/lookhomewardmusic.com\/wp-content\/uploads\/molodaya-devushka-vybirayushhih-odezhdu-na-rynke-poderzhannyh-letom-nulevoj-konczepczii-othodov.jpg 612w, https:\/\/lookhomewardmusic.com\/wp-content\/uploads\/molodaya-devushka-vybirayushhih-odezhdu-na-rynke-poderzhannyh-letom-nulevoj-konczepczii-othodov-300x200.jpg 300w\" sizes=\"auto, (max-width: 612px) 100vw, 612px\" \/><\/p>\n<h2>Ce pute\u021bi g\u0103si aici<\/h2>\n<p>Oferim o varietate de subiecte \u0219i perspective. Iat\u0103 c\u00e2teva exemple despre ce v\u0103 pute\u021bi a\u0219tepta s\u0103 g\u0103si\u021bi pe blogul nostru:<\/p>\n<ul>\n<li>Cele mai recente tendin\u021be \u00een mod\u0103 \u0219i cum s\u0103 le por\u021bi<\/li>\n<li>Ghiduri de stil pentru diferite ocazii<\/li>\n<li>Sfaturi pentru combinarea culorilor \u0219i accesoriilor<\/li>\n<li>Mod\u0103 sustenabil\u0103 \u0219i alegeri etice<\/li>\n<li>Pove\u0219ti inspira\u021bionale din lumea modei<\/li>\n<\/ul>\n<h2>Contacta\u0163i-ne<\/h2>\n<p>Ne place s\u0103 auzim p\u0103rerile cititorilor no\u0219tri! Ave\u021bi \u00eentreb\u0103ri, idei sau dori\u021bi pur \u0219i simplu s\u0103 ne \u00eemp\u0103rt\u0103\u0219i\u021bi g\u00e2ndurile dumneavoastr\u0103? Nu ezita\u021bi s\u0103 ne trimite\u021bi un e-mail la <a href=\"mailto:info@lookhomewardmusic.com\">info@lookhomewardmusic.com<\/a>Feedback-ul \u0219i sugestiile dumneavoastr\u0103 sunt \u00eentotdeauna binevenite \u0219i ne ajut\u0103 s\u0103 ne \u00eembun\u0103t\u0103\u021bim blogul.<\/p>","protected":false},"excerpt":{"rendered":"<p>Bine a\u021bi venit pe blogul nostru, destina\u021bia voastr\u0103 suprem\u0103 pentru tot ce \u021bine de mod\u0103, stil \u0219i \u00eembr\u0103c\u0103minte. Aici, v\u0103 \u00eemp\u0103rt\u0103\u0219im pasiunea noastr\u0103 pentru [\u2026]<\/p>","protected":false},"author":1,"featured_media":0,"parent":0,"menu_order":0,"comment_status":"closed","ping_status":"closed","template":"","meta":{"_acf_changed":false,"footnotes":""},"class_list":["post-42","page","type-page","status-publish","hentry"],"acf":[],"yoast_head":"<!-- This site is optimized with the Yoast SEO plugin v23.2 - https:\/\/yoast.com\/wordpress\/plugins\/seo\/ -->\n<title>Over ons - lookhomewardmusic.com<\/title>\n<meta name=\"description\" content=\"Lees onze blog voor de laatste mode-inzichten, stylingtips en duurzame modeadvies. Cre\u00eber jouw unieke stijl met praktische en inspirerende artikelen.\" \/>\n<meta name=\"robots\" content=\"index, follow, max-snippet:-1, max-image-preview:large, max-video-preview:-1\" \/>\n<link rel=\"canonical\" href=\"https:\/\/lookhomewardmusic.com\/ro\/over-ons\/\" \/>\n<meta property=\"og:locale\" content=\"ro_RO\" \/>\n<meta property=\"og:type\" content=\"article\" \/>\n<meta property=\"og:title\" content=\"Over ons - lookhomewardmusic.com\" \/>\n<meta property=\"og:description\" content=\"Lees onze blog voor de laatste mode-inzichten, stylingtips en duurzame modeadvies. Cre\u00eber jouw unieke stijl met praktische en inspirerende artikelen.\" \/>\n<meta property=\"og:url\" content=\"https:\/\/lookhomewardmusic.com\/ro\/over-ons\/\" \/>\n<meta property=\"og:site_name\" content=\"lookhomewardmusic.com\" \/>\n<meta property=\"article:modified_time\" content=\"2025-02-05T07:33:18+00:00\" \/>\n<meta property=\"og:image\" content=\"https:\/\/lookhomewardmusic.com\/wp-content\/uploads\/molodaya-devushka-vybirayushhih-odezhdu-na-rynke-poderzhannyh-letom-nulevoj-konczepczii-othodov.jpg\" \/>\n<meta name=\"twitter:card\" content=\"summary_large_image\" \/>\n<meta name=\"twitter:label1\" content=\"Timp estimat pentru citire\" \/>\n\t<meta name=\"twitter:data1\" content=\"2 minute\" \/>\n<script type=\"application\/ld+json\" class=\"yoast-schema-graph\">{\"@context\":\"https:\/\/schema.org\",\"@graph\":[{\"@type\":\"WebPage\",\"@id\":\"https:\/\/lookhomewardmusic.com\/over-ons\/\",\"url\":\"https:\/\/lookhomewardmusic.com\/over-ons\/\",\"name\":\"Over ons - lookhomewardmusic.com\",\"isPartOf\":{\"@id\":\"https:\/\/lookhomewardmusic.com\/#website\"},\"primaryImageOfPage\":{\"@id\":\"https:\/\/lookhomewardmusic.com\/over-ons\/#primaryimage\"},\"image\":{\"@id\":\"https:\/\/lookhomewardmusic.com\/over-ons\/#primaryimage\"},\"thumbnailUrl\":\"https:\/\/lookhomewardmusic.com\/wp-content\/uploads\/molodaya-devushka-vybirayushhih-odezhdu-na-rynke-poderzhannyh-letom-nulevoj-konczepczii-othodov.jpg\",\"datePublished\":\"2025-02-04T13:25:55+00:00\",\"dateModified\":\"2025-02-05T07:33:18+00:00\",\"description\":\"Lees onze blog voor de laatste mode-inzichten, stylingtips en duurzame modeadvies. Cre\u00eber jouw unieke stijl met praktische en inspirerende artikelen.\",\"breadcrumb\":{\"@id\":\"https:\/\/lookhomewardmusic.com\/over-ons\/#breadcrumb\"},\"inLanguage\":\"ro-RO\",\"potentialAction\":[{\"@type\":\"ReadAction\",\"target\":[\"https:\/\/lookhomewardmusic.com\/over-ons\/\"]}]},{\"@type\":\"ImageObject\",\"inLanguage\":\"ro-RO\",\"@id\":\"https:\/\/lookhomewardmusic.com\/over-ons\/#primaryimage\",\"url\":\"https:\/\/lookhomewardmusic.com\/wp-content\/uploads\/molodaya-devushka-vybirayushhih-odezhdu-na-rynke-poderzhannyh-letom-nulevoj-konczepczii-othodov.jpg\",\"contentUrl\":\"https:\/\/lookhomewardmusic.com\/wp-content\/uploads\/molodaya-devushka-vybirayushhih-odezhdu-na-rynke-poderzhannyh-letom-nulevoj-konczepczii-othodov.jpg\"},{\"@type\":\"BreadcrumbList\",\"@id\":\"https:\/\/lookhomewardmusic.com\/over-ons\/#breadcrumb\",\"itemListElement\":[{\"@type\":\"ListItem\",\"position\":1,\"name\":\"Home\",\"item\":\"https:\/\/lookhomewardmusic.com\/\"},{\"@type\":\"ListItem\",\"position\":2,\"name\":\"Over ons\"}]},{\"@type\":\"WebSite\",\"@id\":\"https:\/\/lookhomewardmusic.com\/#website\",\"url\":\"https:\/\/lookhomewardmusic.com\/\",\"name\":\"lookhomewardmusic.com\",\"description\":\"Mode &amp; fashion blog met persoonlijk stijladvies en de nieuwste kledingtrends\",\"potentialAction\":[{\"@type\":\"SearchAction\",\"target\":{\"@type\":\"EntryPoint\",\"urlTemplate\":\"https:\/\/lookhomewardmusic.com\/?s={search_term_string}\"},\"query-input\":\"required name=search_term_string\"}],\"inLanguage\":\"ro-RO\"}]}<\/script>\n<!-- \/ Yoast SEO plugin. -->","yoast_head_json":{"title":"Over ons - lookhomewardmusic.com","description":"Lees onze blog voor de laatste mode-inzichten, stylingtips en duurzame modeadvies. Cre\u00eber jouw unieke stijl met praktische en inspirerende artikelen.","robots":{"index":"index","follow":"follow","max-snippet":"max-snippet:-1","max-image-preview":"max-image-preview:large","max-video-preview":"max-video-preview:-1"},"canonical":"https:\/\/lookhomewardmusic.com\/ro\/over-ons\/","og_locale":"ro_RO","og_type":"article","og_title":"Over ons - lookhomewardmusic.com","og_description":"Lees onze blog voor de laatste mode-inzichten, stylingtips en duurzame modeadvies. Cre\u00eber jouw unieke stijl met praktische en inspirerende artikelen.","og_url":"https:\/\/lookhomewardmusic.com\/ro\/over-ons\/","og_site_name":"lookhomewardmusic.com","article_modified_time":"2025-02-05T07:33:18+00:00","og_image":[{"url":"https:\/\/lookhomewardmusic.com\/wp-content\/uploads\/molodaya-devushka-vybirayushhih-odezhdu-na-rynke-poderzhannyh-letom-nulevoj-konczepczii-othodov.jpg"}],"twitter_card":"summary_large_image","twitter_misc":{"Timp estimat pentru citire":"2 minute"},"schema":{"@context":"https:\/\/schema.org","@graph":[{"@type":"WebPage","@id":"https:\/\/lookhomewardmusic.com\/over-ons\/","url":"https:\/\/lookhomewardmusic.com\/over-ons\/","name":"Over ons - lookhomewardmusic.com","isPartOf":{"@id":"https:\/\/lookhomewardmusic.com\/#website"},"primaryImageOfPage":{"@id":"https:\/\/lookhomewardmusic.com\/over-ons\/#primaryimage"},"image":{"@id":"https:\/\/lookhomewardmusic.com\/over-ons\/#primaryimage"},"thumbnailUrl":"https:\/\/lookhomewardmusic.com\/wp-content\/uploads\/molodaya-devushka-vybirayushhih-odezhdu-na-rynke-poderzhannyh-letom-nulevoj-konczepczii-othodov.jpg","datePublished":"2025-02-04T13:25:55+00:00","dateModified":"2025-02-05T07:33:18+00:00","description":"Lees onze blog voor de laatste mode-inzichten, stylingtips en duurzame modeadvies. Cre\u00eber jouw unieke stijl met praktische en inspirerende artikelen.","breadcrumb":{"@id":"https:\/\/lookhomewardmusic.com\/over-ons\/#breadcrumb"},"inLanguage":"ro-RO","potentialAction":[{"@type":"ReadAction","target":["https:\/\/lookhomewardmusic.com\/over-ons\/"]}]},{"@type":"ImageObject","inLanguage":"ro-RO","@id":"https:\/\/lookhomewardmusic.com\/over-ons\/#primaryimage","url":"https:\/\/lookhomewardmusic.com\/wp-content\/uploads\/molodaya-devushka-vybirayushhih-odezhdu-na-rynke-poderzhannyh-letom-nulevoj-konczepczii-othodov.jpg","contentUrl":"https:\/\/lookhomewardmusic.com\/wp-content\/uploads\/molodaya-devushka-vybirayushhih-odezhdu-na-rynke-poderzhannyh-letom-nulevoj-konczepczii-othodov.jpg"},{"@type":"BreadcrumbList","@id":"https:\/\/lookhomewardmusic.com\/over-ons\/#breadcrumb","itemListElement":[{"@type":"ListItem","position":1,"name":"Home","item":"https:\/\/lookhomewardmusic.com\/"},{"@type":"ListItem","position":2,"name":"Over ons"}]},{"@type":"WebSite","@id":"https:\/\/lookhomewardmusic.com\/#website","url":"https:\/\/lookhomewardmusic.com\/","name":"lookhomewardmusic.com","description":"Mode &amp; fashion blog met persoonlijk stijladvies en de nieuwste kledingtrends","potentialAction":[{"@type":"SearchAction","target":{"@type":"EntryPoint","urlTemplate":"https:\/\/lookhomewardmusic.com\/?s={search_term_string}"},"query-input":"required name=search_term_string"}],"inLanguage":"ro-RO"}]}},"yoast_meta":{"yoast_wpseo_title":"","yoast_wpseo_metadesc":"","yoast_wpseo_canonical":"https:\/\/lookhomewardmusic.com\/ro\/wp-json\/wp\/v2\/pages\/42"},"_links":{"self":[{"href":"https:\/\/lookhomewardmusic.com\/ro\/wp-json\/wp\/v2\/pages\/42","targetHints":{"allow":["GET"]}}],"collection":[{"href":"https:\/\/lookhomewardmusic.com\/ro\/wp-json\/wp\/v2\/pages"}],"about":[{"href":"https:\/\/lookhomewardmusic.com\/ro\/wp-json\/wp\/v2\/types\/page"}],"author":[{"embeddable":true,"href":"https:\/\/lookhomewardmusic.com\/ro\/wp-json\/wp\/v2\/users\/1"}],"replies":[{"embeddable":true,"href":"https:\/\/lookhomewardmusic.com\/ro\/wp-json\/wp\/v2\/comments?post=42"}],"version-history":[{"count":1,"href":"https:\/\/lookhomewardmusic.com\/ro\/wp-json\/wp\/v2\/pages\/42\/revisions"}],"predecessor-version":[{"id":51,"href":"https:\/\/lookhomewardmusic.com\/ro\/wp-json\/wp\/v2\/pages\/42\/revisions\/51"}],"wp:attachment":[{"href":"https:\/\/lookhomewardmusic.com\/ro\/wp-json\/wp\/v2\/media?parent=42"}],"curies":[{"name":"wp","href":"https:\/\/api.w.org\/{rel}","templated":true}]}}