{"id":43,"date":"2025-02-04T13:25:56","date_gmt":"2025-02-04T13:25:56","guid":{"rendered":"https:\/\/lookhomewardmusic.com\/contactgegevens\/"},"modified":"2025-02-04T13:25:56","modified_gmt":"2025-02-04T13:25:56","slug":"contactgegevens","status":"publish","type":"page","link":"https:\/\/lookhomewardmusic.com\/ro\/contactgegevens\/","title":{"rendered":"Date de contact"},"content":{"rendered":"<p>A\u0219tept\u0103m cu ner\u0103bdare \u00eentreb\u0103rile, comentariile \u0219i sugestiile dumneavoastr\u0103. V\u0103 rug\u0103m s\u0103 ne contacta\u021bi folosind datele de contact de mai jos sau s\u0103 ne trimite\u021bi un mesaj folosind formularul. Echipa noastr\u0103 va face tot posibilul s\u0103 r\u0103spund\u0103 solicit\u0103rii dumneavoastr\u0103 c\u00e2t mai cur\u00e2nd posibil.\n    <\/p>\n<h2>Datele noastre de contact<\/h2>\n<p>\n        E-mail: <a href=\"mailto:info@lookhomewardmusic.com\">info@lookhomewardmusic.com<\/a>\n    <\/p>\n<h2>Trimite\u021bi-ne un mesaj<\/h2>\n<form action=\"\/ro\/submit\/\" method=\"post\" data-trp-original-action=\"\/submit\">\n        <label for=\"naam\">Nume:<\/label><br \/>\n        <input type=\"text\" id=\"naam\" name=\"naam\" required><\/p>\n<p>        <label for=\"email\">Adresa de e-mail:<\/label><br \/>\n        <input type=\"email\" id=\"email\" name=\"email\" required><\/p>\n<p>        <label for=\"onderwerp\">Subiect:<\/label><br \/>\n        <input type=\"text\" id=\"onderwerp\" name=\"onderwerp\" required><\/p>\n<p>        <label for=\"bericht\">Mesaj:<\/label><br \/>\n        <textarea id=\"bericht\" name=\"bericht\" rows=\"5\" required><\/textarea><\/p>\n<p>        <button type=\"submit\">Trimite<\/button><br \/>\n    <input type=\"hidden\" name=\"trp-form-language\" value=\"ro\"\/><\/form>","protected":false},"excerpt":{"rendered":"<p>A\u0219tept\u0103m cu ner\u0103bdare \u00eentreb\u0103rile, comentariile \u0219i sugestiile dumneavoastr\u0103. Nu ezita\u021bi s\u0103 ne contacta\u021bi folosind informa\u021biile de contact de mai jos sau s\u0103 ne trimite\u021bi un mesaj prin [\u2026]<\/p>","protected":false},"author":1,"featured_media":0,"parent":0,"menu_order":0,"comment_status":"closed","ping_status":"closed","template":"","meta":{"_acf_changed":false,"footnotes":""},"class_list":["post-43","page","type-page","status-publish","hentry"],"acf":[],"yoast_head":"<!-- This site is optimized with the Yoast SEO plugin v23.2 - https:\/\/yoast.com\/wordpress\/plugins\/seo\/ -->\n<title>Contactgegevens - lookhomewardmusic.com<\/title>\n<meta name=\"description\" content=\"Heb je vragen of opmerkingen? Neem contact met ons op via e-mail of het formulier op onze website. Wij reageren snel en helpen je graag verder.\" \/>\n<meta name=\"robots\" content=\"index, follow, max-snippet:-1, max-image-preview:large, max-video-preview:-1\" \/>\n<link rel=\"canonical\" href=\"https:\/\/lookhomewardmusic.com\/ro\/contactgegevens\/\" \/>\n<meta property=\"og:locale\" content=\"ro_RO\" \/>\n<meta property=\"og:type\" content=\"article\" \/>\n<meta property=\"og:title\" content=\"Contactgegevens - lookhomewardmusic.com\" \/>\n<meta property=\"og:description\" content=\"Heb je vragen of opmerkingen? Neem contact met ons op via e-mail of het formulier op onze website. Wij reageren snel en helpen je graag verder.\" \/>\n<meta property=\"og:url\" content=\"https:\/\/lookhomewardmusic.com\/ro\/contactgegevens\/\" \/>\n<meta property=\"og:site_name\" content=\"lookhomewardmusic.com\" \/>\n<meta name=\"twitter:card\" content=\"summary_large_image\" \/>\n<script type=\"application\/ld+json\" class=\"yoast-schema-graph\">{\"@context\":\"https:\/\/schema.org\",\"@graph\":[{\"@type\":\"WebPage\",\"@id\":\"https:\/\/lookhomewardmusic.com\/contactgegevens\/\",\"url\":\"https:\/\/lookhomewardmusic.com\/contactgegevens\/\",\"name\":\"Contactgegevens - lookhomewardmusic.com\",\"isPartOf\":{\"@id\":\"https:\/\/lookhomewardmusic.com\/#website\"},\"datePublished\":\"2025-02-04T13:25:56+00:00\",\"dateModified\":\"2025-02-04T13:25:56+00:00\",\"description\":\"Heb je vragen of opmerkingen? Neem contact met ons op via e-mail of het formulier op onze website. Wij reageren snel en helpen je graag verder.\",\"breadcrumb\":{\"@id\":\"https:\/\/lookhomewardmusic.com\/contactgegevens\/#breadcrumb\"},\"inLanguage\":\"ro-RO\",\"potentialAction\":[{\"@type\":\"ReadAction\",\"target\":[\"https:\/\/lookhomewardmusic.com\/contactgegevens\/\"]}]},{\"@type\":\"BreadcrumbList\",\"@id\":\"https:\/\/lookhomewardmusic.com\/contactgegevens\/#breadcrumb\",\"itemListElement\":[{\"@type\":\"ListItem\",\"position\":1,\"name\":\"Home\",\"item\":\"https:\/\/lookhomewardmusic.com\/\"},{\"@type\":\"ListItem\",\"position\":2,\"name\":\"Contactgegevens\"}]},{\"@type\":\"WebSite\",\"@id\":\"https:\/\/lookhomewardmusic.com\/#website\",\"url\":\"https:\/\/lookhomewardmusic.com\/\",\"name\":\"lookhomewardmusic.com\",\"description\":\"Mode &amp; fashion blog met persoonlijk stijladvies en de nieuwste kledingtrends\",\"potentialAction\":[{\"@type\":\"SearchAction\",\"target\":{\"@type\":\"EntryPoint\",\"urlTemplate\":\"https:\/\/lookhomewardmusic.com\/?s={search_term_string}\"},\"query-input\":\"required name=search_term_string\"}],\"inLanguage\":\"ro-RO\"}]}<\/script>\n<!-- \/ Yoast SEO plugin. -->","yoast_head_json":{"title":"Contactgegevens - lookhomewardmusic.com","description":"Heb je vragen of opmerkingen? Neem contact met ons op via e-mail of het formulier op onze website. Wij reageren snel en helpen je graag verder.","robots":{"index":"index","follow":"follow","max-snippet":"max-snippet:-1","max-image-preview":"max-image-preview:large","max-video-preview":"max-video-preview:-1"},"canonical":"https:\/\/lookhomewardmusic.com\/ro\/contactgegevens\/","og_locale":"ro_RO","og_type":"article","og_title":"Contactgegevens - lookhomewardmusic.com","og_description":"Heb je vragen of opmerkingen? Neem contact met ons op via e-mail of het formulier op onze website. Wij reageren snel en helpen je graag verder.","og_url":"https:\/\/lookhomewardmusic.com\/ro\/contactgegevens\/","og_site_name":"lookhomewardmusic.com","twitter_card":"summary_large_image","schema":{"@context":"https:\/\/schema.org","@graph":[{"@type":"WebPage","@id":"https:\/\/lookhomewardmusic.com\/contactgegevens\/","url":"https:\/\/lookhomewardmusic.com\/contactgegevens\/","name":"Contactgegevens - lookhomewardmusic.com","isPartOf":{"@id":"https:\/\/lookhomewardmusic.com\/#website"},"datePublished":"2025-02-04T13:25:56+00:00","dateModified":"2025-02-04T13:25:56+00:00","description":"Heb je vragen of opmerkingen? Neem contact met ons op via e-mail of het formulier op onze website. Wij reageren snel en helpen je graag verder.","breadcrumb":{"@id":"https:\/\/lookhomewardmusic.com\/contactgegevens\/#breadcrumb"},"inLanguage":"ro-RO","potentialAction":[{"@type":"ReadAction","target":["https:\/\/lookhomewardmusic.com\/contactgegevens\/"]}]},{"@type":"BreadcrumbList","@id":"https:\/\/lookhomewardmusic.com\/contactgegevens\/#breadcrumb","itemListElement":[{"@type":"ListItem","position":1,"name":"Home","item":"https:\/\/lookhomewardmusic.com\/"},{"@type":"ListItem","position":2,"name":"Contactgegevens"}]},{"@type":"WebSite","@id":"https:\/\/lookhomewardmusic.com\/#website","url":"https:\/\/lookhomewardmusic.com\/","name":"lookhomewardmusic.com","description":"Mode &amp; fashion blog met persoonlijk stijladvies en de nieuwste kledingtrends","potentialAction":[{"@type":"SearchAction","target":{"@type":"EntryPoint","urlTemplate":"https:\/\/lookhomewardmusic.com\/?s={search_term_string}"},"query-input":"required name=search_term_string"}],"inLanguage":"ro-RO"}]}},"yoast_meta":{"yoast_wpseo_title":"","yoast_wpseo_metadesc":"","yoast_wpseo_canonical":"https:\/\/lookhomewardmusic.com\/ro\/wp-json\/wp\/v2\/pages\/43"},"_links":{"self":[{"href":"https:\/\/lookhomewardmusic.com\/ro\/wp-json\/wp\/v2\/pages\/43","targetHints":{"allow":["GET"]}}],"collection":[{"href":"https:\/\/lookhomewardmusic.com\/ro\/wp-json\/wp\/v2\/pages"}],"about":[{"href":"https:\/\/lookhomewardmusic.com\/ro\/wp-json\/wp\/v2\/types\/page"}],"author":[{"embeddable":true,"href":"https:\/\/lookhomewardmusic.com\/ro\/wp-json\/wp\/v2\/users\/1"}],"replies":[{"embeddable":true,"href":"https:\/\/lookhomewardmusic.com\/ro\/wp-json\/wp\/v2\/comments?post=43"}],"version-history":[{"count":0,"href":"https:\/\/lookhomewardmusic.com\/ro\/wp-json\/wp\/v2\/pages\/43\/revisions"}],"wp:attachment":[{"href":"https:\/\/lookhomewardmusic.com\/ro\/wp-json\/wp\/v2\/media?parent=43"}],"curies":[{"name":"wp","href":"https:\/\/api.w.org\/{rel}","templated":true}]}}